{"id":1840,"date":"2022-12-14T18:27:12","date_gmt":"2022-12-14T18:27:12","guid":{"rendered":"https:\/\/plasmaquesalva.com\/?page_id=1840"},"modified":"2023-02-08T20:14:09","modified_gmt":"2023-02-08T20:14:09","slug":"abc-del-plasma","status":"publish","type":"page","link":"https:\/\/plasmaquesalva.com\/?page_id=1840","title":{"rendered":"ABC del Plasma"},"content":{"rendered":"\t\t<div data-elementor-type=\"wp-page\" data-elementor-id=\"1840\" class=\"elementor elementor-1840\">\n\t\t\t\t\t\t<section class=\"elementor-section elementor-top-section elementor-element elementor-element-jyj66eu elementor-section-height-min-height elementor-section-full_width elementor-section-height-default elementor-section-items-middle\" data-id=\"jyj66eu\" data-element_type=\"section\" data-settings=\"{&quot;background_background&quot;:&quot;classic&quot;}\">\n\t\t\t\t\t\t\t<div class=\"elementor-background-overlay\"><\/div>\n\t\t\t\t\t\t\t<div class=\"elementor-container elementor-column-gap-default\">\n\t\t\t\t\t<div class=\"elementor-column elementor-col-100 elementor-top-column elementor-element elementor-element-532555b\" data-id=\"532555b\" data-element_type=\"column\">\n\t\t\t<div class=\"elementor-widget-wrap elementor-element-populated\">\n\t\t\t\t\t\t<div class=\"elementor-element elementor-element-b796bec elementor-invisible elementor-widget elementor-widget-heading\" data-id=\"b796bec\" data-element_type=\"widget\" data-settings=\"{&quot;_animation&quot;:&quot;fadeIn&quot;}\" data-widget_type=\"heading.default\">\n\t\t\t\t<div class=\"elementor-widget-container\">\n\t\t\t\t\t<h2 class=\"elementor-heading-title elementor-size-default\">ABC del Plasma<\/h2>\t\t\t\t<\/div>\n\t\t\t\t<\/div>\n\t\t\t\t\t<\/div>\n\t\t<\/div>\n\t\t\t\t\t<\/div>\n\t\t<\/section>\n\t\t\t\t<section class=\"elementor-section elementor-top-section elementor-element elementor-element-konly2s elementor-section-height-min-height elementor-section-items-stretch elementor-section-full_width elementor-section-height-default\" data-id=\"konly2s\" data-element_type=\"section\" data-settings=\"{&quot;animation&quot;:&quot;none&quot;}\">\n\t\t\t\t\t\t\t<div class=\"elementor-background-overlay\"><\/div>\n\t\t\t\t\t\t\t<div class=\"elementor-container elementor-column-gap-no\">\n\t\t\t\t\t<div class=\"elementor-column elementor-col-50 elementor-top-column elementor-element elementor-element-e35dee4\" data-id=\"e35dee4\" data-element_type=\"column\">\n\t\t\t<div class=\"elementor-widget-wrap elementor-element-populated\">\n\t\t\t\t\t\t<div class=\"elementor-element elementor-element-7af9beb elementor-widget elementor-widget-heading\" data-id=\"7af9beb\" data-element_type=\"widget\" data-widget_type=\"heading.default\">\n\t\t\t\t<div class=\"elementor-widget-container\">\n\t\t\t\t\t<h2 class=\"elementor-heading-title elementor-size-default\">\u00bfQu\u00e9 es el plasma?<\/h2>\t\t\t\t<\/div>\n\t\t\t\t<\/div>\n\t\t\t\t<div class=\"elementor-element elementor-element-3e2f6ec elementor-widget elementor-widget-text-editor\" data-id=\"3e2f6ec\" data-element_type=\"widget\" data-widget_type=\"text-editor.default\">\n\t\t\t\t<div class=\"elementor-widget-container\">\n\t\t\t\t\t\t\t\t\t<p>De acuerdo con la OMS, el plasma es un l\u00edquido transparente y ligeramente amarillento que representa el 55 % del volumen total de sangre. En el plasma se encuentran suspendidas las c\u00e9lulas sangu\u00edneas: gl\u00f3bulos rojos, gl\u00f3bulos blancos y plaquetas.<br \/>Est\u00e1 formado por agua (90%) sales minerales y una gran cantidad de prote\u00ednas que velan por el buen funcionamiento de nuestro organismo, entre las que destacan las siguientes:<\/p><p>\u00a0<\/p><ul><li>Las inmunoglobulinas, defensas que nos protegen de las infecciones.<\/li><li>Los factores de coagulaci\u00f3n, que son responsables, junto con las plaquetas, de detener el sangrado cuando nos cortamos.<\/li><li>La alb\u00famina, una prote\u00edna que transporta hormonas y f\u00e1rmacos y los lleva hasta los tejidos.<\/li><\/ul><p>En promedio, de los 5 litros de sangre que tiene una persona de 70 kilos, unos 3 litros son de plasma.<\/p>\t\t\t\t\t\t\t\t<\/div>\n\t\t\t\t<\/div>\n\t\t\t\t\t<\/div>\n\t\t<\/div>\n\t\t\t\t<div class=\"elementor-column elementor-col-50 elementor-top-column elementor-element elementor-element-9c5c7d3\" data-id=\"9c5c7d3\" data-element_type=\"column\" data-settings=\"{&quot;background_background&quot;:&quot;classic&quot;}\">\n\t\t\t<div class=\"elementor-widget-wrap\">\n\t\t\t\t\t\t\t<\/div>\n\t\t<\/div>\n\t\t\t\t\t<\/div>\n\t\t<\/section>\n\t\t\t\t<section class=\"elementor-section elementor-top-section elementor-element elementor-element-1ea5427 elementor-section-boxed elementor-section-height-default elementor-section-height-default\" data-id=\"1ea5427\" data-element_type=\"section\" data-settings=\"{&quot;background_background&quot;:&quot;classic&quot;}\">\n\t\t\t\t\t\t\t<div class=\"elementor-background-overlay\"><\/div>\n\t\t\t\t\t\t\t<div class=\"elementor-container elementor-column-gap-default\">\n\t\t\t\t\t<div class=\"elementor-column elementor-col-100 elementor-top-column elementor-element elementor-element-c96d522\" data-id=\"c96d522\" data-element_type=\"column\">\n\t\t\t<div class=\"elementor-widget-wrap elementor-element-populated\">\n\t\t\t\t\t\t<div class=\"elementor-element elementor-element-92eb7bb elementor-widget elementor-widget-heading\" data-id=\"92eb7bb\" data-element_type=\"widget\" data-widget_type=\"heading.default\">\n\t\t\t\t<div class=\"elementor-widget-container\">\n\t\t\t\t\t<h2 class=\"elementor-heading-title elementor-size-default\">\u00bfPara qu\u00e9 sirve el plasma?<\/h2>\t\t\t\t<\/div>\n\t\t\t\t<\/div>\n\t\t\t\t<div class=\"elementor-element elementor-element-5e82ce0 elementor-widget elementor-widget-text-editor\" data-id=\"5e82ce0\" data-element_type=\"widget\" data-widget_type=\"text-editor.default\">\n\t\t\t\t<div class=\"elementor-widget-container\">\n\t\t\t\t\t\t\t\t\t<p><span style=\"font-weight: 400;\">El plasma sirve para aliviar varias enfermedades relacionadas con la sangre. Las terapias derivadas del plasma tratan a una gran variedad de enfermedades, en muchos casos, son el \u00fanico tratamiento disponible (especialmente para enfermedades raras y hu\u00e9rfanas).<\/span><\/p><p><span style=\"font-weight: 400;\">Para dar un ejemplo de qu\u00e9 tipo de enfermedades se tratan utilizando plasma, podemos mencionar a la hemofilia A\/B, o<\/span> <span style=\"font-weight: 400;\">Inmunodeficiencias (IDP, IDS), CIDP, Guillain-Barre, MMN, PTI, enfermedad de Kawasaki, enfermedad de Von Willebrand, hemorragias por traumatismos, enfermedades hep\u00e1ticas, entre otras.\u00a0<\/span><\/p>\t\t\t\t\t\t\t\t<\/div>\n\t\t\t\t<\/div>\n\t\t\t\t\t<\/div>\n\t\t<\/div>\n\t\t\t\t\t<\/div>\n\t\t<\/section>\n\t\t\t\t<section class=\"elementor-section elementor-top-section elementor-element elementor-element-22727ce elementor-section-boxed elementor-section-height-default elementor-section-height-default\" data-id=\"22727ce\" data-element_type=\"section\" data-settings=\"{&quot;shape_divider_top&quot;:&quot;mountains&quot;}\">\n\t\t\t\t\t<div class=\"elementor-shape elementor-shape-top\" data-negative=\"false\">\n\t\t\t<svg xmlns=\"http:\/\/www.w3.org\/2000\/svg\" viewBox=\"0 0 1000 100\" preserveAspectRatio=\"none\">\n\t<path class=\"elementor-shape-fill\" opacity=\"0.33\" d=\"M473,67.3c-203.9,88.3-263.1-34-320.3,0C66,119.1,0,59.7,0,59.7V0h1000v59.7 c0,0-62.1,26.1-94.9,29.3c-32.8,3.3-62.8-12.3-75.8-22.1C806,49.6,745.3,8.7,694.9,4.7S492.4,59,473,67.3z\"\/>\n\t<path class=\"elementor-shape-fill\" opacity=\"0.66\" d=\"M734,67.3c-45.5,0-77.2-23.2-129.1-39.1c-28.6-8.7-150.3-10.1-254,39.1 s-91.7-34.4-149.2,0C115.7,118.3,0,39.8,0,39.8V0h1000v36.5c0,0-28.2-18.5-92.1-18.5C810.2,18.1,775.7,67.3,734,67.3z\"\/>\n\t<path class=\"elementor-shape-fill\" d=\"M766.1,28.9c-200-57.5-266,65.5-395.1,19.5C242,1.8,242,5.4,184.8,20.6C128,35.8,132.3,44.9,89.9,52.5C28.6,63.7,0,0,0,0 h1000c0,0-9.9,40.9-83.6,48.1S829.6,47,766.1,28.9z\"\/>\n<\/svg>\t\t<\/div>\n\t\t\t\t\t<div class=\"elementor-container elementor-column-gap-default\">\n\t\t\t\t\t<div class=\"elementor-column elementor-col-100 elementor-top-column elementor-element elementor-element-5f0dafd\" data-id=\"5f0dafd\" data-element_type=\"column\">\n\t\t\t<div class=\"elementor-widget-wrap elementor-element-populated\">\n\t\t\t\t\t\t<div class=\"elementor-element elementor-element-84c8ec0 elementor-widget elementor-widget-spacer\" data-id=\"84c8ec0\" data-element_type=\"widget\" data-widget_type=\"spacer.default\">\n\t\t\t\t<div class=\"elementor-widget-container\">\n\t\t\t\t\t\t\t<div class=\"elementor-spacer\">\n\t\t\t<div class=\"elementor-spacer-inner\"><\/div>\n\t\t<\/div>\n\t\t\t\t\t\t<\/div>\n\t\t\t\t<\/div>\n\t\t\t\t\t<\/div>\n\t\t<\/div>\n\t\t\t\t\t<\/div>\n\t\t<\/section>\n\t\t\t\t<section class=\"elementor-section elementor-top-section elementor-element elementor-element-d06gsb8 elementor-section-height-min-height elementor-section-items-stretch elementor-section-boxed elementor-section-height-default\" data-id=\"d06gsb8\" data-element_type=\"section\" id=\"terapias\" data-settings=\"{&quot;background_background&quot;:&quot;classic&quot;}\">\n\t\t\t\t\t\t\t<div class=\"elementor-background-overlay\"><\/div>\n\t\t\t\t\t\t\t<div class=\"elementor-container elementor-column-gap-no\">\n\t\t\t\t\t<div class=\"elementor-column elementor-col-50 elementor-top-column elementor-element elementor-element-6109eb5\" data-id=\"6109eb5\" data-element_type=\"column\">\n\t\t\t<div class=\"elementor-widget-wrap elementor-element-populated\">\n\t\t\t\t\t<div class=\"elementor-background-overlay\"><\/div>\n\t\t\t\t\t\t<div class=\"elementor-element elementor-element-5b74332 elementor-invisible elementor-widget elementor-widget-heading\" data-id=\"5b74332\" data-element_type=\"widget\" data-settings=\"{&quot;_animation&quot;:&quot;zoomIn&quot;}\" data-widget_type=\"heading.default\">\n\t\t\t\t<div class=\"elementor-widget-container\">\n\t\t\t\t\t<h1 class=\"elementor-heading-title elementor-size-default\">\u00bfCu\u00e1l es la problem\u00e1tica con el plasma?<\/h1>\t\t\t\t<\/div>\n\t\t\t\t<\/div>\n\t\t\t\t\t<\/div>\n\t\t<\/div>\n\t\t\t\t<div class=\"elementor-column elementor-col-50 elementor-top-column elementor-element elementor-element-3bdb7a1 elementor-invisible\" data-id=\"3bdb7a1\" data-element_type=\"column\" data-settings=\"{&quot;animation&quot;:&quot;fadeIn&quot;}\">\n\t\t\t<div class=\"elementor-widget-wrap elementor-element-populated\">\n\t\t\t\t\t\t<div class=\"elementor-element elementor-element-550cb19 elementor-widget elementor-widget-text-editor\" data-id=\"550cb19\" data-element_type=\"widget\" data-widget_type=\"text-editor.default\">\n\t\t\t\t<div class=\"elementor-widget-container\">\n\t\t\t\t\t\t\t\t\t<p><span style=\"font-weight: 400;\">Hoy en M\u00e9xico, y el mundo, enfrentamos el riesgo de escasez y falta de acceso a Terapias Derivadas del Plasma. \u00a0 Estados Unidos, provee m\u00e1s del\u00a0 70% del plasma utilizado en terapias que sirven al mundo. En tiempos de desabasto, pa\u00edses que no producen suficiente plasma se ven amenazados con falta de suministro.\u00a0 Tras la pandemia del COVID-19, la crisis de recolecciones se acrecent\u00f3 y ha provocado una alerta generalizada a nivel internacional.<\/span><\/p><p><span style=\"font-weight: 400;\">Adicionalmente, la demanda por TDP\u2019s esta incrementando en el mundo.\u00a0 Los pocos pa\u00edses que suministran el plasma para el mundo son pocos, y existe una verdadera amenaza de desabastecimiento.\u00a0\u00a0<\/span><\/p>\t\t\t\t\t\t\t\t<\/div>\n\t\t\t\t<\/div>\n\t\t\t\t\t<\/div>\n\t\t<\/div>\n\t\t\t\t\t<\/div>\n\t\t<\/section>\n\t\t\t\t<section class=\"elementor-section elementor-top-section elementor-element elementor-element-pworqqo elementor-section-height-min-height elementor-section-items-stretch elementor-section-boxed elementor-section-height-default\" data-id=\"pworqqo\" data-element_type=\"section\" data-settings=\"{&quot;background_background&quot;:&quot;gradient&quot;}\">\n\t\t\t\t\t\t\t<div class=\"elementor-background-overlay\"><\/div>\n\t\t\t\t\t\t\t<div class=\"elementor-container elementor-column-gap-no\">\n\t\t\t\t\t<div class=\"elementor-column elementor-col-50 elementor-top-column elementor-element elementor-element-ef5fae4 elementor-hidden-mobile\" data-id=\"ef5fae4\" data-element_type=\"column\" data-settings=\"{&quot;background_background&quot;:&quot;gradient&quot;}\">\n\t\t\t<div class=\"elementor-widget-wrap elementor-element-populated\">\n\t\t\t\t\t\t<div class=\"elementor-element elementor-element-bfd2bf1 elementor-widget elementor-widget-image\" data-id=\"bfd2bf1\" data-element_type=\"widget\" data-widget_type=\"image.default\">\n\t\t\t\t<div class=\"elementor-widget-container\">\n\t\t\t\t\t\t\t\t\t\t\t\t\t\t\t<img fetchpriority=\"high\" decoding=\"async\" width=\"2560\" height=\"1707\" src=\"https:\/\/plasmaquesalva.com\/wp-content\/uploads\/2023\/02\/white-background-woman-with-violet-gloves-is-looking-tube-with-some-liquid-scaled.jpg\" class=\"attachment-full size-full wp-image-2493\" alt=\"\" srcset=\"https:\/\/plasmaquesalva.com\/wp-content\/uploads\/2023\/02\/white-background-woman-with-violet-gloves-is-looking-tube-with-some-liquid-scaled.jpg 2560w, https:\/\/plasmaquesalva.com\/wp-content\/uploads\/2023\/02\/white-background-woman-with-violet-gloves-is-looking-tube-with-some-liquid-300x200.jpg 300w, https:\/\/plasmaquesalva.com\/wp-content\/uploads\/2023\/02\/white-background-woman-with-violet-gloves-is-looking-tube-with-some-liquid-1024x683.jpg 1024w, https:\/\/plasmaquesalva.com\/wp-content\/uploads\/2023\/02\/white-background-woman-with-violet-gloves-is-looking-tube-with-some-liquid-768x512.jpg 768w, https:\/\/plasmaquesalva.com\/wp-content\/uploads\/2023\/02\/white-background-woman-with-violet-gloves-is-looking-tube-with-some-liquid-1536x1024.jpg 1536w, https:\/\/plasmaquesalva.com\/wp-content\/uploads\/2023\/02\/white-background-woman-with-violet-gloves-is-looking-tube-with-some-liquid-2048x1365.jpg 2048w\" sizes=\"(max-width: 2560px) 100vw, 2560px\" \/>\t\t\t\t\t\t\t\t\t\t\t\t\t\t\t<\/div>\n\t\t\t\t<\/div>\n\t\t\t\t\t<\/div>\n\t\t<\/div>\n\t\t\t\t<div class=\"elementor-column elementor-col-50 elementor-top-column elementor-element elementor-element-dbecddc\" data-id=\"dbecddc\" data-element_type=\"column\">\n\t\t\t<div class=\"elementor-widget-wrap elementor-element-populated\">\n\t\t\t\t\t\t<div class=\"elementor-element elementor-element-06ce1fc elementor-widget elementor-widget-heading\" data-id=\"06ce1fc\" data-element_type=\"widget\" data-widget_type=\"heading.default\">\n\t\t\t\t<div class=\"elementor-widget-container\">\n\t\t\t\t\t<h2 class=\"elementor-heading-title elementor-size-default\">\u00bfA qu\u00e9 se debe la escasez de plasma?<\/h2>\t\t\t\t<\/div>\n\t\t\t\t<\/div>\n\t\t\t\t<div class=\"elementor-element elementor-element-7f71824 elementor-widget elementor-widget-text-editor\" data-id=\"7f71824\" data-element_type=\"widget\" data-widget_type=\"text-editor.default\">\n\t\t\t\t<div class=\"elementor-widget-container\">\n\t\t\t\t\t\t\t\t\t<p>La oferta del plasma en el mundo pudiera eventualmente no ser suficiente* para cubrir una demanda de TDPs que crece cada vez m\u00e1s y que depende de tan pocos pa\u00edses. La OMS ha hecho un llamado para la autosuficiencia. No existe un a\u00f1o exacto en el que se estime no habr\u00e1 abasto de terapias derivadas del plasma (TDPs) pues todo depende de la situaci\u00f3n mundial de donaciones y la demanda de estas terapias.<\/p><p>En casos de pandemia, como en el 2020 y 2021 con el COVID 19, la oferta de plasma disminuy\u00f3. Esto ha detonado una emergencia en pa\u00edses que no est\u00e1n recolectando las cantidades suficientes para la elaboraci\u00f3n de los tratamientos requeridos.<\/p>\t\t\t\t\t\t\t\t<\/div>\n\t\t\t\t<\/div>\n\t\t\t\t\t<\/div>\n\t\t<\/div>\n\t\t\t\t\t<\/div>\n\t\t<\/section>\n\t\t\t\t<\/div>\n\t\t","protected":false},"excerpt":{"rendered":"<p>ABC del Plasma \u00bfQu\u00e9 es el plasma? De acuerdo con la OMS, el plasma es un l\u00edquido transparente y ligeramente amarillento que representa el 55 % del volumen total de sangre. En el plasma se encuentran suspendidas las c\u00e9lulas sangu\u00edneas: gl\u00f3bulos rojos, gl\u00f3bulos blancos y plaquetas.Est\u00e1 formado por agua (90%) sales minerales y una gran [&hellip;]<\/p>\n","protected":false},"author":1,"featured_media":0,"parent":0,"menu_order":0,"comment_status":"closed","ping_status":"closed","template":"","meta":{"site-sidebar-layout":"no-sidebar","site-content-layout":"page-builder","ast-site-content-layout":"","site-content-style":"default","site-sidebar-style":"default","ast-global-header-display":"","ast-banner-title-visibility":"","ast-main-header-display":"","ast-hfb-above-header-display":"","ast-hfb-below-header-display":"","ast-hfb-mobile-header-display":"","site-post-title":"disabled","ast-breadcrumbs-content":"","ast-featured-img":"disabled","footer-sml-layout":"","theme-transparent-header-meta":"","adv-header-id-meta":"","stick-header-meta":"","header-above-stick-meta":"","header-main-stick-meta":"","header-below-stick-meta":"","astra-migrate-meta-layouts":"default","ast-page-background-enabled":"default","ast-page-background-meta":{"desktop":{"background-color":"var(--ast-global-color-4)","background-image":"","background-repeat":"repeat","background-position":"center center","background-size":"auto","background-attachment":"scroll","background-type":"","background-media":"","overlay-type":"","overlay-color":"","overlay-opacity":"","overlay-gradient":""},"tablet":{"background-color":"","background-image":"","background-repeat":"repeat","background-position":"center center","background-size":"auto","background-attachment":"scroll","background-type":"","background-media":"","overlay-type":"","overlay-color":"","overlay-opacity":"","overlay-gradient":""},"mobile":{"background-color":"","background-image":"","background-repeat":"repeat","background-position":"center center","background-size":"auto","background-attachment":"scroll","background-type":"","background-media":"","overlay-type":"","overlay-color":"","overlay-opacity":"","overlay-gradient":""}},"ast-content-background-meta":{"desktop":{"background-color":"var(--ast-global-color-5)","background-image":"","background-repeat":"repeat","background-position":"center center","background-size":"auto","background-attachment":"scroll","background-type":"","background-media":"","overlay-type":"","overlay-color":"","overlay-opacity":"","overlay-gradient":""},"tablet":{"background-color":"var(--ast-global-color-5)","background-image":"","background-repeat":"repeat","background-position":"center center","background-size":"auto","background-attachment":"scroll","background-type":"","background-media":"","overlay-type":"","overlay-color":"","overlay-opacity":"","overlay-gradient":""},"mobile":{"background-color":"var(--ast-global-color-5)","background-image":"","background-repeat":"repeat","background-position":"center center","background-size":"auto","background-attachment":"scroll","background-type":"","background-media":"","overlay-type":"","overlay-color":"","overlay-opacity":"","overlay-gradient":""}},"footnotes":""},"class_list":["post-1840","page","type-page","status-publish","hentry"],"_links":{"self":[{"href":"https:\/\/plasmaquesalva.com\/index.php?rest_route=\/wp\/v2\/pages\/1840","targetHints":{"allow":["GET"]}}],"collection":[{"href":"https:\/\/plasmaquesalva.com\/index.php?rest_route=\/wp\/v2\/pages"}],"about":[{"href":"https:\/\/plasmaquesalva.com\/index.php?rest_route=\/wp\/v2\/types\/page"}],"author":[{"embeddable":true,"href":"https:\/\/plasmaquesalva.com\/index.php?rest_route=\/wp\/v2\/users\/1"}],"replies":[{"embeddable":true,"href":"https:\/\/plasmaquesalva.com\/index.php?rest_route=%2Fwp%2Fv2%2Fcomments&post=1840"}],"version-history":[{"count":125,"href":"https:\/\/plasmaquesalva.com\/index.php?rest_route=\/wp\/v2\/pages\/1840\/revisions"}],"predecessor-version":[{"id":2582,"href":"https:\/\/plasmaquesalva.com\/index.php?rest_route=\/wp\/v2\/pages\/1840\/revisions\/2582"}],"wp:attachment":[{"href":"https:\/\/plasmaquesalva.com\/index.php?rest_route=%2Fwp%2Fv2%2Fmedia&parent=1840"}],"curies":[{"name":"wp","href":"https:\/\/api.w.org\/{rel}","templated":true}]}}