{"id":8,"date":"2022-12-14T14:01:11","date_gmt":"2022-12-14T14:01:11","guid":{"rendered":"https:\/\/plasmaquesalva.com\/?page_id=8"},"modified":"2023-08-16T19:43:01","modified_gmt":"2023-08-16T19:43:01","slug":"blog","status":"publish","type":"page","link":"https:\/\/plasmaquesalva.com\/?page_id=8","title":{"rendered":"Conferencia de Prensa"},"content":{"rendered":"\t\t<div data-elementor-type=\"wp-page\" data-elementor-id=\"8\" class=\"elementor elementor-8\">\n\t\t\t\t\t\t<section class=\"elementor-section elementor-top-section elementor-element elementor-element-6sh0ioi elementor-section-boxed elementor-section-height-default elementor-section-height-default\" data-id=\"6sh0ioi\" data-element_type=\"section\" data-settings=\"{&quot;background_background&quot;:&quot;classic&quot;}\">\n\t\t\t\t\t\t\t<div class=\"elementor-background-overlay\"><\/div>\n\t\t\t\t\t\t\t<div class=\"elementor-container elementor-column-gap-no\">\n\t\t\t\t\t<div class=\"elementor-column elementor-col-100 elementor-top-column elementor-element elementor-element-370a195d\" data-id=\"370a195d\" data-element_type=\"column\">\n\t\t\t<div class=\"elementor-widget-wrap elementor-element-populated\">\n\t\t\t\t\t\t<div class=\"elementor-element elementor-element-68e66d5d elementor-widget elementor-widget-heading\" data-id=\"68e66d5d\" data-element_type=\"widget\" data-widget_type=\"heading.default\">\n\t\t\t\t<div class=\"elementor-widget-container\">\n\t\t\t\t\t<h5 class=\"elementor-heading-title elementor-size-default\">Plasma Que Salva<\/h5>\t\t\t\t<\/div>\n\t\t\t\t<\/div>\n\t\t\t\t<div class=\"elementor-element elementor-element-2dd32108 elementor-widget elementor-widget-heading\" data-id=\"2dd32108\" data-element_type=\"widget\" data-widget_type=\"heading.default\">\n\t\t\t\t<div class=\"elementor-widget-container\">\n\t\t\t\t\t<h1 class=\"elementor-heading-title elementor-size-default\">Conferencia de Prensa<\/h1>\t\t\t\t<\/div>\n\t\t\t\t<\/div>\n\t\t\t\t\t<\/div>\n\t\t<\/div>\n\t\t\t\t\t<\/div>\n\t\t<\/section>\n\t\t\t\t<section class=\"elementor-section elementor-top-section elementor-element elementor-element-7j0zaxa elementor-section-content-middle elementor-section-boxed elementor-section-height-default elementor-section-height-default\" data-id=\"7j0zaxa\" data-element_type=\"section\" data-settings=\"{&quot;background_background&quot;:&quot;classic&quot;}\">\n\t\t\t\t\t\t<div class=\"elementor-container elementor-column-gap-no\">\n\t\t\t\t\t<div class=\"elementor-column elementor-col-66 elementor-top-column elementor-element elementor-element-39a38ca6\" data-id=\"39a38ca6\" data-element_type=\"column\" data-settings=\"{&quot;background_background&quot;:&quot;classic&quot;}\">\n\t\t\t<div class=\"elementor-widget-wrap elementor-element-populated\">\n\t\t\t\t\t\t<div class=\"elementor-element elementor-element-36c20c32 elementor-widget elementor-widget-image\" data-id=\"36c20c32\" data-element_type=\"widget\" data-widget_type=\"image.default\">\n\t\t\t\t<div class=\"elementor-widget-container\">\n\t\t\t\t\t\t\t\t\t\t\t\t\t\t\t<img fetchpriority=\"high\" decoding=\"async\" width=\"1024\" height=\"860\" src=\"https:\/\/plasmaquesalva.com\/wp-content\/uploads\/2022\/12\/PQS-logo.svg\" class=\"attachment-large size-large wp-image-2241\" alt=\"\" \/>\t\t\t\t\t\t\t\t\t\t\t\t\t\t\t<\/div>\n\t\t\t\t<\/div>\n\t\t\t\t\t<\/div>\n\t\t<\/div>\n\t\t\t\t<div class=\"elementor-column elementor-col-33 elementor-top-column elementor-element elementor-element-46d3c89b\" data-id=\"46d3c89b\" data-element_type=\"column\" data-settings=\"{&quot;background_background&quot;:&quot;classic&quot;}\">\n\t\t\t<div class=\"elementor-widget-wrap elementor-element-populated\">\n\t\t\t\t\t\t<div class=\"elementor-element elementor-element-30192960 elementor-widget elementor-widget-heading\" data-id=\"30192960\" data-element_type=\"widget\" data-widget_type=\"heading.default\">\n\t\t\t\t<div class=\"elementor-widget-container\">\n\t\t\t\t\t<h2 class=\"elementor-heading-title elementor-size-default\">Nace Plasma que Salva, una alianza independiente que fomenta la donaci\u00f3n de plasma con compensaci\u00f3n para salvar vidas.<\/h2>\t\t\t\t<\/div>\n\t\t\t\t<\/div>\n\t\t\t\t\t<\/div>\n\t\t<\/div>\n\t\t\t\t\t<\/div>\n\t\t<\/section>\n\t\t\t\t<section class=\"elementor-section elementor-top-section elementor-element elementor-element-b8a2d55 elementor-section-boxed elementor-section-height-default elementor-section-height-default\" data-id=\"b8a2d55\" data-element_type=\"section\">\n\t\t\t\t\t\t<div class=\"elementor-container elementor-column-gap-default\">\n\t\t\t\t\t<div class=\"elementor-column elementor-col-100 elementor-top-column elementor-element elementor-element-5a8c2ab\" data-id=\"5a8c2ab\" data-element_type=\"column\">\n\t\t\t<div class=\"elementor-widget-wrap elementor-element-populated\">\n\t\t\t\t\t\t<div class=\"elementor-element elementor-element-73c3c1a elementor-widget elementor-widget-text-editor\" data-id=\"73c3c1a\" data-element_type=\"widget\" data-widget_type=\"text-editor.default\">\n\t\t\t\t<div class=\"elementor-widget-container\">\n\t\t\t\t\t\t\t\t\t<p class=\"p1\">\u00a0<\/p><p class=\"p2\">\u25cf <i>M\u00e9xico depende de la importaci\u00f3n de plasma para la generaci\u00f3n de Terapias Derivadas de Plasma (TDPs). Sin embargo, no hay garant\u00eda de que el pa\u00eds pueda tener un suministro seguro y suficiente de las mismas si no se promueve una cultura de mayor donaci\u00f3n de plasma. Cabe recordar que las TDPs son tratamientos de uso global y existen otros pa\u00edses potenciales tambi\u00e9n necesitados. <\/i><\/p><p class=\"p2\">\u25cf <i>Las Terapias Derivadas del Plasma tratan m\u00faltiples enfermedades graves y raras, en muchos casos, son el \u00fanico tratamiento disponible. <\/i><\/p><p class=\"p2\">\u25cf <i>La alianza Plasma que Salva busca crear una red de socios con la experiencia necesaria para generar una conversaci\u00f3n activa en torno a la donaci\u00f3n de plasma y un cambio necesario en la legislaci\u00f3n actual para compensar a los donantes y salvar vidas. <\/i><\/p>\t\t\t\t\t\t\t\t<\/div>\n\t\t\t\t<\/div>\n\t\t\t\t\t<\/div>\n\t\t<\/div>\n\t\t\t\t\t<\/div>\n\t\t<\/section>\n\t\t\t\t<section class=\"elementor-section elementor-top-section elementor-element elementor-element-58b8370 elementor-section-height-min-height elementor-section-boxed elementor-section-height-default elementor-section-items-middle\" data-id=\"58b8370\" data-element_type=\"section\" data-settings=\"{&quot;background_background&quot;:&quot;classic&quot;}\">\n\t\t\t\t\t\t<div class=\"elementor-container elementor-column-gap-default\">\n\t\t\t\t\t<div class=\"elementor-column elementor-col-100 elementor-top-column elementor-element elementor-element-eb04c43\" data-id=\"eb04c43\" data-element_type=\"column\">\n\t\t\t<div class=\"elementor-widget-wrap\">\n\t\t\t\t\t\t\t<\/div>\n\t\t<\/div>\n\t\t\t\t\t<\/div>\n\t\t<\/section>\n\t\t\t\t<section class=\"elementor-section elementor-top-section elementor-element elementor-element-abfe8dd elementor-section-boxed elementor-section-height-default elementor-section-height-default\" data-id=\"abfe8dd\" data-element_type=\"section\">\n\t\t\t\t\t\t<div class=\"elementor-container elementor-column-gap-default\">\n\t\t\t\t\t<div class=\"elementor-column elementor-col-100 elementor-top-column elementor-element elementor-element-7572d3d\" data-id=\"7572d3d\" data-element_type=\"column\">\n\t\t\t<div class=\"elementor-widget-wrap elementor-element-populated\">\n\t\t\t\t\t\t<div class=\"elementor-element elementor-element-aeea00e elementor-widget elementor-widget-text-editor\" data-id=\"aeea00e\" data-element_type=\"widget\" data-widget_type=\"text-editor.default\">\n\t\t\t\t<div class=\"elementor-widget-container\">\n\t\t\t\t\t\t\t\t\t<p class=\"p2\"><b>Ciudad de M\u00e9xico. 8 de febrero 2023. \u2013 <\/b>Actores de la sociedad civil entre los que destacan m\u00e9dicos especialistas, miembros de asociaciones como la Fundaci\u00f3n Mexicana para Ni\u00f1os y Ni\u00f1as con Inmunodeficiencia (Fumeni), y grupos de defensa de los pacientes; presentaron <i>Plasma que Salva<\/i>, que tiene como prop\u00f3sito sensibilizar a la poblaci\u00f3n y a las autoridades mexicanas de la necesidad de que M\u00e9xico incremente su obtenci\u00f3n de plasma para el tratamiento de enfermedades graves y raras, como las hemopat\u00edas y las inmunopat\u00edas, e impulsar un cambio en la legislaci\u00f3n para compensar a los donadores de plasma.<\/p><p class=\"p2\">De acuerdo con la organizaci\u00f3n, M\u00e9xico est\u00e1 lejos de ser autosuficiente para satisfacer las necesidades de los ciudadanos que requieren plasma. En la industria, un pa\u00eds autosuficiente es aquel que produce m\u00e1s plasma del que consume a trav\u00e9s de terapias realizadas con prote\u00ednas plasm\u00e1ticas. Pa\u00edses como Estados Unidos o Alemania lo han logrado mediante la implementaci\u00f3n de esquemas de cooperaci\u00f3n entre los sectores p\u00fablico, privado, acad\u00e9mico y cient\u00edfico nacional e internacional. Lo anterior, priorizando la seguridad de donantes y pacientes a trav\u00e9s de rigurosos procesos tecnol\u00f3gicos que permiten a las autoridades sanitarias mantener controles de calidad de riguroso est\u00e1ndar.<\/p><p class=\"p2\">\u201cConsideramos que nos encontramos frente a un problema muy serio, pero tambi\u00e9n estamos en un momento clave para M\u00e9xico, que tiene en sus manos la posibilidad de dar pasos s\u00f3lidos para emular a aquellos pa\u00edses que han implementado soluciones realistas y efectivas para asegurar el suministro adecuado de Terapias Derivadas del Plasma. En <i>Plasma que Salva <\/i>creemos que, si compensamos la donaci\u00f3n, M\u00e9xico puede incrementar significativamente el volumen requerido para evitar la insuficiencia de TDPs y salvar vidas\u201d, se\u00f1al\u00f3 <i>el Dr. Juan Manuel Cisneros, Pat\u00f3logo Cl\u00ednico y Jefe de Auxiliares de Diagn\u00f3stico del Instituto Mexicano del Seguro Social<\/i>.<\/p><p class=\"p2\">Si bien Estados Unidos suministra poco m\u00e1s del 70% del plasma para el mundo, sus derivados se distribuyen en todo el mundo, incluido M\u00e9xico, por lo que no se puede asumir la viabilidad de esta situaci\u00f3n a largo plazo. Ante este escenario de potencial escasez, se suma el impacto de la pandemia de COVID-19, que no s\u00f3lo fren\u00f3 y desalent\u00f3 la donaci\u00f3n de plasma en M\u00e9xico, sino que ha provocado una alerta generalizada a nivel internacional.<\/p><p>\u00a0<\/p><p class=\"p1\">Por ello <i>Plasma que Salva<\/i>, busca impulsar un cambio a la legislaci\u00f3n para retomar las mejores pr\u00e1cticas que en otros pa\u00edses han tenido muchos beneficios, como es el compensar a los donadores. En este sentido, buscar\u00e1n un di\u00e1logo respetuoso con las autoridades de Salud, particularmente con el Secretario de Salud, Jorge Alcocer y el Subsecretario, Hugo L\u00f3pez Gatell, as\u00ed como representantes de la C\u00e1mara de Diputados y Senadores para que tomen en cuenta esta iniciativa y se modifique la ley existente para contribuir a salvar millones de vidas y cambiar el futuro del sector salud en M\u00e9xico.<\/p><p class=\"p1\">\u201cEn <i>Plasma que Salva <\/i>somos promotores de la posibilidad de contar con donadores que reciban una compensaci\u00f3n a cambio de su tiempo y esfuerzo para apoyar a un paciente que necesita plasma. Al permitir este esquema de donaci\u00f3n, habr\u00eda beneficios para los pacientes como asegurar su supervivencia y calidad de vida\u201d, se\u00f1al\u00f3 el <b>Dr. Francisco Rosales, fundador de Fumeni<\/b>.<\/p><p class=\"p1\">Entre los representantes de <i>Plasma que Salva <\/i>que asistieron a la presentaci\u00f3n estuvieron el Dr. Juan Manuel Cisneros Carrasco, Pat\u00f3logo Cl\u00ednico; el Dr. Francisco Rosales, Socio Fundador de FUMENI, y Mayela Garc\u00eda, integrante de FUMENI, as\u00ed como Claudia Moreno, integrante del Comit\u00e9 de Familias de la Fundaci\u00f3n Mexicana para Ni\u00f1as y Ni\u00f1os con Inmunodeficiencias Primarias y paciente diagnosticada con Inmunodeficiencia Com\u00fan Variable.<\/p>\t\t\t\t\t\t\t\t<\/div>\n\t\t\t\t<\/div>\n\t\t\t\t\t<\/div>\n\t\t<\/div>\n\t\t\t\t\t<\/div>\n\t\t<\/section>\n\t\t\t\t<section class=\"elementor-section elementor-top-section elementor-element elementor-element-6805bee elementor-section-boxed elementor-section-height-default elementor-section-height-default\" data-id=\"6805bee\" data-element_type=\"section\">\n\t\t\t\t\t\t<div class=\"elementor-container elementor-column-gap-default\">\n\t\t\t\t\t<div class=\"elementor-column elementor-col-100 elementor-top-column elementor-element elementor-element-5e892a5\" data-id=\"5e892a5\" data-element_type=\"column\">\n\t\t\t<div class=\"elementor-widget-wrap elementor-element-populated\">\n\t\t\t\t\t\t<div class=\"elementor-element elementor-element-371bec2 elementor-widget elementor-widget-video\" data-id=\"371bec2\" data-element_type=\"widget\" data-settings=\"{&quot;video_type&quot;:&quot;hosted&quot;,&quot;controls&quot;:&quot;yes&quot;}\" data-widget_type=\"video.default\">\n\t\t\t\t<div class=\"elementor-widget-container\">\n\t\t\t\t\t\t\t<div class=\"e-hosted-video elementor-wrapper elementor-open-inline\">\n\t\t\t\t\t<video class=\"elementor-video\" src=\"http:\/\/plasmaquesalva.com\/wp-content\/uploads\/2023\/08\/PQS-Baja.mp4\" controls=\"\" preload=\"metadata\" controlsList=\"nodownload\"><\/video>\n\t\t\t\t<\/div>\n\t\t\t\t\t\t<\/div>\n\t\t\t\t<\/div>\n\t\t\t\t\t<\/div>\n\t\t<\/div>\n\t\t\t\t\t<\/div>\n\t\t<\/section>\n\t\t\t\t<section class=\"elementor-section elementor-top-section elementor-element elementor-element-d642b63 elementor-section-boxed elementor-section-height-default elementor-section-height-default\" data-id=\"d642b63\" data-element_type=\"section\">\n\t\t\t\t\t\t<div class=\"elementor-container elementor-column-gap-default\">\n\t\t\t\t\t<div class=\"elementor-column elementor-col-100 elementor-top-column elementor-element elementor-element-fcafa21\" data-id=\"fcafa21\" data-element_type=\"column\">\n\t\t\t<div class=\"elementor-widget-wrap elementor-element-populated\">\n\t\t\t\t\t\t<div class=\"elementor-element elementor-element-f7b4ff1 elementor-widget elementor-widget-image-gallery\" data-id=\"f7b4ff1\" data-element_type=\"widget\" data-widget_type=\"image-gallery.default\">\n\t\t\t\t<div class=\"elementor-widget-container\">\n\t\t\t\t\t\t\t<div class=\"elementor-image-gallery\">\n\t\t\t<div id='gallery-1' class='gallery galleryid-8 gallery-columns-6 gallery-size-thumbnail'><figure class='gallery-item'>\n\t\t\t<div class='gallery-icon landscape'>\n\t\t\t\t<a data-elementor-open-lightbox=\"yes\" data-elementor-lightbox-slideshow=\"f7b4ff1\" data-elementor-lightbox-title=\"Plasma-202\" data-e-action-hash=\"#elementor-action%3Aaction%3Dlightbox%26settings%3DeyJpZCI6MjY1MywidXJsIjoiaHR0cHM6XC9cL3BsYXNtYXF1ZXNhbHZhLmNvbVwvd3AtY29udGVudFwvdXBsb2Fkc1wvMjAyM1wvMDhcL1BsYXNtYS0yMDItc2NhbGVkLmpwZyIsInNsaWRlc2hvdyI6ImY3YjRmZjEifQ%3D%3D\" href='https:\/\/plasmaquesalva.com\/wp-content\/uploads\/2023\/08\/Plasma-202-scaled.jpg'><img decoding=\"async\" width=\"150\" height=\"150\" src=\"https:\/\/plasmaquesalva.com\/wp-content\/uploads\/2023\/08\/Plasma-202-150x150.jpg\" class=\"attachment-thumbnail size-thumbnail\" alt=\"\" \/><\/a>\n\t\t\t<\/div><\/figure><figure class='gallery-item'>\n\t\t\t<div class='gallery-icon portrait'>\n\t\t\t\t<a data-elementor-open-lightbox=\"yes\" data-elementor-lightbox-slideshow=\"f7b4ff1\" data-elementor-lightbox-title=\"Plasma-177\" data-e-action-hash=\"#elementor-action%3Aaction%3Dlightbox%26settings%3DeyJpZCI6MjY1MiwidXJsIjoiaHR0cHM6XC9cL3BsYXNtYXF1ZXNhbHZhLmNvbVwvd3AtY29udGVudFwvdXBsb2Fkc1wvMjAyM1wvMDhcL1BsYXNtYS0xNzctc2NhbGVkLmpwZyIsInNsaWRlc2hvdyI6ImY3YjRmZjEifQ%3D%3D\" href='https:\/\/plasmaquesalva.com\/wp-content\/uploads\/2023\/08\/Plasma-177-scaled.jpg'><img decoding=\"async\" width=\"150\" height=\"150\" src=\"https:\/\/plasmaquesalva.com\/wp-content\/uploads\/2023\/08\/Plasma-177-150x150.jpg\" class=\"attachment-thumbnail size-thumbnail\" alt=\"\" \/><\/a>\n\t\t\t<\/div><\/figure><figure class='gallery-item'>\n\t\t\t<div class='gallery-icon landscape'>\n\t\t\t\t<a data-elementor-open-lightbox=\"yes\" data-elementor-lightbox-slideshow=\"f7b4ff1\" data-elementor-lightbox-title=\"Plasma-133\" data-e-action-hash=\"#elementor-action%3Aaction%3Dlightbox%26settings%3DeyJpZCI6MjY1MSwidXJsIjoiaHR0cHM6XC9cL3BsYXNtYXF1ZXNhbHZhLmNvbVwvd3AtY29udGVudFwvdXBsb2Fkc1wvMjAyM1wvMDhcL1BsYXNtYS0xMzMtc2NhbGVkLmpwZyIsInNsaWRlc2hvdyI6ImY3YjRmZjEifQ%3D%3D\" href='https:\/\/plasmaquesalva.com\/wp-content\/uploads\/2023\/08\/Plasma-133-scaled.jpg'><img loading=\"lazy\" decoding=\"async\" width=\"150\" height=\"150\" src=\"https:\/\/plasmaquesalva.com\/wp-content\/uploads\/2023\/08\/Plasma-133-150x150.jpg\" class=\"attachment-thumbnail size-thumbnail\" alt=\"\" \/><\/a>\n\t\t\t<\/div><\/figure><figure class='gallery-item'>\n\t\t\t<div class='gallery-icon portrait'>\n\t\t\t\t<a data-elementor-open-lightbox=\"yes\" data-elementor-lightbox-slideshow=\"f7b4ff1\" data-elementor-lightbox-title=\"Plasma-117\" data-e-action-hash=\"#elementor-action%3Aaction%3Dlightbox%26settings%3DeyJpZCI6MjY1MCwidXJsIjoiaHR0cHM6XC9cL3BsYXNtYXF1ZXNhbHZhLmNvbVwvd3AtY29udGVudFwvdXBsb2Fkc1wvMjAyM1wvMDhcL1BsYXNtYS0xMTctc2NhbGVkLmpwZyIsInNsaWRlc2hvdyI6ImY3YjRmZjEifQ%3D%3D\" href='https:\/\/plasmaquesalva.com\/wp-content\/uploads\/2023\/08\/Plasma-117-scaled.jpg'><img loading=\"lazy\" decoding=\"async\" width=\"150\" height=\"150\" src=\"https:\/\/plasmaquesalva.com\/wp-content\/uploads\/2023\/08\/Plasma-117-150x150.jpg\" class=\"attachment-thumbnail size-thumbnail\" alt=\"\" \/><\/a>\n\t\t\t<\/div><\/figure><figure class='gallery-item'>\n\t\t\t<div class='gallery-icon landscape'>\n\t\t\t\t<a data-elementor-open-lightbox=\"yes\" data-elementor-lightbox-slideshow=\"f7b4ff1\" data-elementor-lightbox-title=\"Plasma-086\" data-e-action-hash=\"#elementor-action%3Aaction%3Dlightbox%26settings%3DeyJpZCI6MjY0OSwidXJsIjoiaHR0cHM6XC9cL3BsYXNtYXF1ZXNhbHZhLmNvbVwvd3AtY29udGVudFwvdXBsb2Fkc1wvMjAyM1wvMDhcL1BsYXNtYS0wODYtc2NhbGVkLmpwZyIsInNsaWRlc2hvdyI6ImY3YjRmZjEifQ%3D%3D\" href='https:\/\/plasmaquesalva.com\/wp-content\/uploads\/2023\/08\/Plasma-086-scaled.jpg'><img loading=\"lazy\" decoding=\"async\" width=\"150\" height=\"150\" src=\"https:\/\/plasmaquesalva.com\/wp-content\/uploads\/2023\/08\/Plasma-086-150x150.jpg\" class=\"attachment-thumbnail size-thumbnail\" alt=\"\" \/><\/a>\n\t\t\t<\/div><\/figure><figure class='gallery-item'>\n\t\t\t<div class='gallery-icon portrait'>\n\t\t\t\t<a data-elementor-open-lightbox=\"yes\" data-elementor-lightbox-slideshow=\"f7b4ff1\" data-elementor-lightbox-title=\"Plasma-083\" data-e-action-hash=\"#elementor-action%3Aaction%3Dlightbox%26settings%3DeyJpZCI6MjY0OCwidXJsIjoiaHR0cHM6XC9cL3BsYXNtYXF1ZXNhbHZhLmNvbVwvd3AtY29udGVudFwvdXBsb2Fkc1wvMjAyM1wvMDhcL1BsYXNtYS0wODMtc2NhbGVkLmpwZyIsInNsaWRlc2hvdyI6ImY3YjRmZjEifQ%3D%3D\" href='https:\/\/plasmaquesalva.com\/wp-content\/uploads\/2023\/08\/Plasma-083-scaled.jpg'><img loading=\"lazy\" decoding=\"async\" width=\"150\" height=\"150\" src=\"https:\/\/plasmaquesalva.com\/wp-content\/uploads\/2023\/08\/Plasma-083-150x150.jpg\" class=\"attachment-thumbnail size-thumbnail\" alt=\"\" \/><\/a>\n\t\t\t<\/div><\/figure><figure class='gallery-item'>\n\t\t\t<div class='gallery-icon landscape'>\n\t\t\t\t<a data-elementor-open-lightbox=\"yes\" data-elementor-lightbox-slideshow=\"f7b4ff1\" data-elementor-lightbox-title=\"Plasma-065\" data-e-action-hash=\"#elementor-action%3Aaction%3Dlightbox%26settings%3DeyJpZCI6MjY0NiwidXJsIjoiaHR0cHM6XC9cL3BsYXNtYXF1ZXNhbHZhLmNvbVwvd3AtY29udGVudFwvdXBsb2Fkc1wvMjAyM1wvMDhcL1BsYXNtYS0wNjUtc2NhbGVkLmpwZyIsInNsaWRlc2hvdyI6ImY3YjRmZjEifQ%3D%3D\" href='https:\/\/plasmaquesalva.com\/wp-content\/uploads\/2023\/08\/Plasma-065-scaled.jpg'><img loading=\"lazy\" decoding=\"async\" width=\"150\" height=\"150\" src=\"https:\/\/plasmaquesalva.com\/wp-content\/uploads\/2023\/08\/Plasma-065-150x150.jpg\" class=\"attachment-thumbnail size-thumbnail\" alt=\"\" \/><\/a>\n\t\t\t<\/div><\/figure><figure class='gallery-item'>\n\t\t\t<div class='gallery-icon portrait'>\n\t\t\t\t<a data-elementor-open-lightbox=\"yes\" data-elementor-lightbox-slideshow=\"f7b4ff1\" data-elementor-lightbox-title=\"Plasma-059\" data-e-action-hash=\"#elementor-action%3Aaction%3Dlightbox%26settings%3DeyJpZCI6MjY0NSwidXJsIjoiaHR0cHM6XC9cL3BsYXNtYXF1ZXNhbHZhLmNvbVwvd3AtY29udGVudFwvdXBsb2Fkc1wvMjAyM1wvMDhcL1BsYXNtYS0wNTktc2NhbGVkLmpwZyIsInNsaWRlc2hvdyI6ImY3YjRmZjEifQ%3D%3D\" href='https:\/\/plasmaquesalva.com\/wp-content\/uploads\/2023\/08\/Plasma-059-scaled.jpg'><img loading=\"lazy\" decoding=\"async\" width=\"150\" height=\"150\" src=\"https:\/\/plasmaquesalva.com\/wp-content\/uploads\/2023\/08\/Plasma-059-150x150.jpg\" class=\"attachment-thumbnail size-thumbnail\" alt=\"\" \/><\/a>\n\t\t\t<\/div><\/figure><figure class='gallery-item'>\n\t\t\t<div class='gallery-icon landscape'>\n\t\t\t\t<a data-elementor-open-lightbox=\"yes\" data-elementor-lightbox-slideshow=\"f7b4ff1\" data-elementor-lightbox-title=\"Plasma-073\" data-e-action-hash=\"#elementor-action%3Aaction%3Dlightbox%26settings%3DeyJpZCI6MjY0NywidXJsIjoiaHR0cHM6XC9cL3BsYXNtYXF1ZXNhbHZhLmNvbVwvd3AtY29udGVudFwvdXBsb2Fkc1wvMjAyM1wvMDhcL1BsYXNtYS0wNzMtc2NhbGVkLmpwZyIsInNsaWRlc2hvdyI6ImY3YjRmZjEifQ%3D%3D\" href='https:\/\/plasmaquesalva.com\/wp-content\/uploads\/2023\/08\/Plasma-073-scaled.jpg'><img loading=\"lazy\" decoding=\"async\" width=\"150\" height=\"150\" src=\"https:\/\/plasmaquesalva.com\/wp-content\/uploads\/2023\/08\/Plasma-073-150x150.jpg\" class=\"attachment-thumbnail size-thumbnail\" alt=\"\" \/><\/a>\n\t\t\t<\/div><\/figure>\n\t\t<\/div>\n\t\t<\/div>\n\t\t\t\t\t\t<\/div>\n\t\t\t\t<\/div>\n\t\t\t\t\t<\/div>\n\t\t<\/div>\n\t\t\t\t\t<\/div>\n\t\t<\/section>\n\t\t\t\t<\/div>\n\t\t","protected":false},"excerpt":{"rendered":"<p>Plasma Que Salva Conferencia de Prensa Nace Plasma que Salva, una alianza independiente que fomenta la donaci\u00f3n de plasma con compensaci\u00f3n para salvar vidas. \u00a0 \u25cf M\u00e9xico depende de la importaci\u00f3n de plasma para la generaci\u00f3n de Terapias Derivadas de Plasma (TDPs). Sin embargo, no hay garant\u00eda de que el pa\u00eds pueda tener un suministro [&hellip;]<\/p>\n","protected":false},"author":1,"featured_media":0,"parent":0,"menu_order":0,"comment_status":"closed","ping_status":"closed","template":"","meta":{"site-sidebar-layout":"no-sidebar","site-content-layout":"page-builder","ast-site-content-layout":"","site-content-style":"default","site-sidebar-style":"default","ast-global-header-display":"","ast-banner-title-visibility":"","ast-main-header-display":"","ast-hfb-above-header-display":"","ast-hfb-below-header-display":"","ast-hfb-mobile-header-display":"","site-post-title":"disabled","ast-breadcrumbs-content":"","ast-featured-img":"disabled","footer-sml-layout":"","theme-transparent-header-meta":"","adv-header-id-meta":"","stick-header-meta":"","header-above-stick-meta":"","header-main-stick-meta":"","header-below-stick-meta":"","astra-migrate-meta-layouts":"default","ast-page-background-enabled":"default","ast-page-background-meta":{"desktop":{"background-color":"var(--ast-global-color-4)","background-image":"","background-repeat":"repeat","background-position":"center center","background-size":"auto","background-attachment":"scroll","background-type":"","background-media":"","overlay-type":"","overlay-color":"","overlay-opacity":"","overlay-gradient":""},"tablet":{"background-color":"","background-image":"","background-repeat":"repeat","background-position":"center center","background-size":"auto","background-attachment":"scroll","background-type":"","background-media":"","overlay-type":"","overlay-color":"","overlay-opacity":"","overlay-gradient":""},"mobile":{"background-color":"","background-image":"","background-repeat":"repeat","background-position":"center center","background-size":"auto","background-attachment":"scroll","background-type":"","background-media":"","overlay-type":"","overlay-color":"","overlay-opacity":"","overlay-gradient":""}},"ast-content-background-meta":{"desktop":{"background-color":"var(--ast-global-color-5)","background-image":"","background-repeat":"repeat","background-position":"center center","background-size":"auto","background-attachment":"scroll","background-type":"","background-media":"","overlay-type":"","overlay-color":"","overlay-opacity":"","overlay-gradient":""},"tablet":{"background-color":"var(--ast-global-color-5)","background-image":"","background-repeat":"repeat","background-position":"center center","background-size":"auto","background-attachment":"scroll","background-type":"","background-media":"","overlay-type":"","overlay-color":"","overlay-opacity":"","overlay-gradient":""},"mobile":{"background-color":"var(--ast-global-color-5)","background-image":"","background-repeat":"repeat","background-position":"center center","background-size":"auto","background-attachment":"scroll","background-type":"","background-media":"","overlay-type":"","overlay-color":"","overlay-opacity":"","overlay-gradient":""}},"footnotes":""},"class_list":["post-8","page","type-page","status-publish","hentry"],"_links":{"self":[{"href":"https:\/\/plasmaquesalva.com\/index.php?rest_route=\/wp\/v2\/pages\/8","targetHints":{"allow":["GET"]}}],"collection":[{"href":"https:\/\/plasmaquesalva.com\/index.php?rest_route=\/wp\/v2\/pages"}],"about":[{"href":"https:\/\/plasmaquesalva.com\/index.php?rest_route=\/wp\/v2\/types\/page"}],"author":[{"embeddable":true,"href":"https:\/\/plasmaquesalva.com\/index.php?rest_route=\/wp\/v2\/users\/1"}],"replies":[{"embeddable":true,"href":"https:\/\/plasmaquesalva.com\/index.php?rest_route=%2Fwp%2Fv2%2Fcomments&post=8"}],"version-history":[{"count":22,"href":"https:\/\/plasmaquesalva.com\/index.php?rest_route=\/wp\/v2\/pages\/8\/revisions"}],"predecessor-version":[{"id":2670,"href":"https:\/\/plasmaquesalva.com\/index.php?rest_route=\/wp\/v2\/pages\/8\/revisions\/2670"}],"wp:attachment":[{"href":"https:\/\/plasmaquesalva.com\/index.php?rest_route=%2Fwp%2Fv2%2Fmedia&parent=8"}],"curies":[{"name":"wp","href":"https:\/\/api.w.org\/{rel}","templated":true}]}}